{"id":4014,"date":"2021-03-02T15:00:52","date_gmt":"2021-03-02T14:00:52","guid":{"rendered":"https:\/\/agapebiowell.health\/za-nas\/"},"modified":"2021-03-22T16:04:56","modified_gmt":"2021-03-22T15:04:56","slug":"rreth-nesh","status":"publish","type":"page","link":"https:\/\/agapebiowell.health\/sq\/rreth-nesh\/","title":{"rendered":"Rreth nesh"},"content":{"rendered":"<p>[et_pb_section fb_built=&#8221;1&#8243; _builder_version=&#8221;4.9.1&#8243; _module_preset=&#8221;default&#8221; background_enable_color=&#8221;off&#8221; background_enable_image=&#8221;off&#8221; background_position=&#8221;bottom_center&#8221; custom_padding=&#8221;3px||0px|||&#8221;][et_pb_row _builder_version=&#8221;4.9.1&#8243; _module_preset=&#8221;default&#8221; custom_padding=&#8221;||13px|||&#8221;][et_pb_column type=&#8221;4_4&#8243; _builder_version=&#8221;4.9.1&#8243; _module_preset=&#8221;default&#8221;][et_pb_post_title meta=&#8221;off&#8221; _builder_version=&#8221;4.9.2&#8243; _module_preset=&#8221;default&#8221; title_text_align=&#8221;center&#8221; title_font_size=&#8221;44px&#8221; custom_margin=&#8221;||-2px|||&#8221; animation_style=&#8221;fade&#8221;][\/et_pb_post_title][et_pb_divider divider_weight=&#8221;1px&#8221; _builder_version=&#8221;4.9.2&#8243; _module_preset=&#8221;default&#8221; width=&#8221;80px&#8221; module_alignment=&#8221;center&#8221; custom_margin=&#8221;0px||0px||false|false&#8221; custom_padding=&#8221;0px||0px||false|false&#8221; animation_style=&#8221;fade&#8221;][\/et_pb_divider][\/et_pb_column][\/et_pb_row][\/et_pb_section][et_pb_section fb_built=&#8221;1&#8243; _builder_version=&#8221;4.9.1&#8243; _module_preset=&#8221;default&#8221; custom_padding=&#8221;2px||1px|||&#8221; locked=&#8221;off&#8221;][et_pb_row _builder_version=&#8221;4.9.2&#8243; _module_preset=&#8221;default&#8221; animation_style=&#8221;fade&#8221;][et_pb_column type=&#8221;4_4&#8243; _builder_version=&#8221;4.9.1&#8243; _module_preset=&#8221;default&#8221;][et_pb_image src=&#8221;https:\/\/agapebiowell.health\/wp-content\/uploads\/2021\/03\/Mentalno-zdravje.png&#8221; title_text=&#8221;Mentalno-zdravje&#8221; show_bottom_space=&#8221;off&#8221; _builder_version=&#8221;4.9.2&#8243; _module_preset=&#8221;default&#8221; width=&#8221;80px&#8221; module_alignment=&#8221;left&#8221; custom_margin=&#8221;||15px||false|false&#8221;][\/et_pb_image][et_pb_text _builder_version=&#8221;4.9.2&#8243; _module_preset=&#8221;default&#8221; header_line_height=&#8221;1.1em&#8221; header_font_size_tablet=&#8221;&#8221; header_font_size_phone=&#8221;36px&#8221; header_font_size_last_edited=&#8221;on|phone&#8221;]<\/p>\n<h2><strong>P\u00ebr sh\u00ebndetin mendor<\/strong><\/h2>\n<p>Sh\u00ebndeti mendor \u00ebsht\u00eb nj\u00eb faktor i r\u00ebnd\u00ebsish\u00ebm q\u00eb duhet t\u00eb konsiderohet si nj\u00eb kapacitet, i cili jo vet\u00ebm q\u00eb \u00ebsht\u00eb i mjaftuesh\u00ebm p\u00ebr t\u2019u ruajtur, por edhe p\u00ebr t\u2019u p\u00ebrmir\u00ebsuar. Qasja ndaj sh\u00ebndetit mendor sugjeron q\u00eb patogjeneza e faktor\u00ebve t\u00eb s\u00ebmundjes dominon shkenc\u00ebn, nd\u00ebrsa k\u00ebrkimi p\u00ebr faktor\u00eb sh\u00ebndet\u00ebsor\u00eb q\u00eb ndihmojn\u00eb n\u00eb kap\u00ebrcimin e ngjarjeve k\u00ebrc\u00ebnuese \u00ebsht\u00eb l\u00ebn\u00eb pas dore. Marr\u00ebdh\u00ebnia me sh\u00ebndetin mendor dhe stresin \u00ebsht\u00eb komplekse dhe varet nga natyra e stresuesit, si dhe nga vet\u00eb individi.<\/p>\n<p>\u00a0Stresi i zgjatur \u00ebsht\u00eb provuar shkenc\u00ebrisht se ndikon negativisht n\u00eb sh\u00ebndetin dhe bukurin\u00eb. Kur jemi t\u00eb lumtur dhe t\u00eb k\u00ebnaqur me samitet, ne rrezatojm\u00eb energji pozitive dhe e transferojm\u00eb at\u00eb n\u00eb mjedis.<\/p>\n<p>Qendra Agape Bio Well ofron nj\u00eb kombinim t\u00eb m\u00ebsimeve t\u00eb lashta dhe shkenc\u00ebs n\u00eb trajtimin e problemeve mendore dhe emocionale. Ne ju ofrojm\u00eb mund\u00ebsin\u00eb t\u00eb njiheni me veten dhe t\u00eb filloni t&#8217;i shihni problemet n\u00eb jet\u00eb si pengesa q\u00eb do t&#8217;i kap\u00ebrceni leht\u00eb. M\u00ebnyra moderne e jet\u00ebs na ka imponuar standarde q\u00eb ne mendojm\u00eb se na integrojn\u00eb, por n\u00eb t\u00eb v\u00ebrtet\u00eb na ndajn\u00eb. Ne mendojm\u00eb se ata na bashkojn\u00eb dhe na kthejn\u00eb drejt nj\u00ebri-tjetrit, dhe n\u00eb realitet ata na tjet\u00ebrsojn\u00eb sepse ata margjinalizojn\u00eb t\u00eb v\u00ebrtet\u00ebn &#8211; njer\u00ebzimin, UN\u00cb-in ton t\u00eb v\u00ebrtet\u00eb.<\/p>\n<p>[\/et_pb_text][et_pb_image src=&#8221;https:\/\/agapebiowell.health\/wp-content\/uploads\/2021\/03\/Ubavina.png&#8221; title_text=&#8221;Ubavina&#8221; show_bottom_space=&#8221;off&#8221; _builder_version=&#8221;4.9.2&#8243; _module_preset=&#8221;default&#8221; width=&#8221;80px&#8221; module_alignment=&#8221;left&#8221; custom_margin=&#8221;||15px||false|false&#8221;][\/et_pb_image][et_pb_text _builder_version=&#8221;4.9.2&#8243; _module_preset=&#8221;default&#8221; header_line_height=&#8221;1.1em&#8221; header_font_size_tablet=&#8221;&#8221; header_font_size_phone=&#8221;36px&#8221; header_font_size_last_edited=&#8221;on|phone&#8221;]<\/p>\n<h2><strong>P\u00ebr sh\u00ebndetin dhe bukurin\u00eb<\/strong><\/h2>\n<p>Sot ne mund t\u00eb konfirmojm\u00eb me siguri se gjith\u00e7ka q\u00eb ekziston vibron me disa frekuenca. \u00c7do organ, ind ose qeliz\u00eb n\u00eb qeniet e gjalla ka frekuenc\u00ebn e vet unike. Matjet e energjis\u00eb s\u00eb tyre tregojn\u00eb dridhje dhe rezonanc\u00eb t\u00eb vazhdueshme. K\u00ebrkimet shkencore tregojn\u00eb se shqet\u00ebsimi ose \u00e7ekuilibri i k\u00ebtyre frekuencave shkakton gjendje, s\u00ebmundje, infeksione, d\u00ebmtime dhe plakje.<\/p>\n<p>\u00a0Metodat e rip\u00ebrt\u00ebrirjes t\u00eb p\u00ebrdorura n\u00eb mjek\u00ebsin\u00eb tradicionale dhe kozmetologjin\u00eb, edhe pse t\u00eb suksesshme, nuk mund t\u00eb parandalojn\u00eb procesin e plakjes. Shum\u00eb shkenc\u00ebtar\u00eb t\u00eb shquar jan\u00eb p\u00ebrpjekur me shekuj t\u00eb zbulojn\u00eb misterin e rinis\u00eb, por ky mister mbetet i pazgjidhur. Sot jemi n\u00eb prag t\u00eb zbulimeve t\u00eb m\u00ebdha fal\u00eb zhvillimit t\u00eb fizik\u00ebs kuantike dhe fizik\u00ebs s\u00eb lazer\u00ebve.<\/p>\n<p>\u00a0Metodat e rip\u00ebrt\u00ebrirjes t\u00eb p\u00ebrdorura n\u00eb Qendr\u00ebn Agape Bio Well ndikojn\u00eb n\u00eb rigjenerimin e thell\u00eb t\u00eb trupit n\u00eb nivelin subatomik dhe bazohen n\u00eb gjenetik\u00ebn kuantike, fizik\u00ebn e lazer\u00ebve dhe njohurit\u00eb shkencore t\u00eb ujit.<\/p>\n<p>[\/et_pb_text][et_pb_image src=&#8221;https:\/\/agapebiowell.health\/wp-content\/uploads\/2021\/03\/agafi-05.png&#8221; title_text=&#8221;agafi-05&#8243; show_bottom_space=&#8221;off&#8221; _builder_version=&#8221;4.9.2&#8243; _module_preset=&#8221;default&#8221; width=&#8221;80px&#8221; module_alignment=&#8221;left&#8221; custom_margin=&#8221;||15px||false|false&#8221;][\/et_pb_image][et_pb_text _builder_version=&#8221;4.9.2&#8243; _module_preset=&#8221;default&#8221; header_line_height=&#8221;1.1em&#8221; hover_enabled=&#8221;0&#8243; header_font_size_tablet=&#8221;&#8221; header_font_size_phone=&#8221;36px&#8221; header_font_size_last_edited=&#8221;on|phone&#8221; sticky_enabled=&#8221;0&#8243;]<\/p>\n<h2><strong>P\u00ebr Agafi Gaxhova-n<\/strong><\/h2>\n<p>Agafi Gaxhova \u00ebsht\u00eb pronare e Qendr\u00ebs Agape Bio Well. Ajo \u00ebsht\u00eb inxhiniere e diplomuar n\u00eb biokimi dhe fiziologji.<\/p>\n<p>Interesi p\u00ebr fizik\u00ebn dhe metafizik\u00ebn kuantike, si dhe p\u00ebr deg\u00ebt e reja t\u00eb biologjis\u00eb si gjenetika kuantike, biologjia e besimit dhe epigjenetika, ishin arsyeja p\u00ebr t\u00eb vazhduar zhvillimin n\u00eb at\u00eb drejtim p\u00ebr shkak t\u00eb pyetjes se \u00e7far\u00eb \u00ebsht\u00eb vet\u00ebdija n\u00eb t\u00eb v\u00ebrtet\u00eb dhe kush i jep urdhrin fillestar p\u00ebr t\u00eb filluar proceset metabolike n\u00eb organiz\u00ebm shkenca konvencionale nuk ka p\u00ebrgjigje.<\/p>\n<p>Me ardhjen e fizik\u00ebs kuantike, shum\u00eb gj\u00ebra n\u00eb shkenc\u00eb filluan t\u00eb ndryshojn\u00eb n\u00eb m\u00ebnyr\u00eb dramatike. Fizika kuantike d\u00ebshmon se nuk ka bot\u00eb materiale por gjith\u00e7ka \u00ebsht\u00eb energji, nj\u00eb fush\u00eb e madhe informacioni n\u00eb t\u00eb cil\u00ebn gjith\u00e7ka \u00ebsht\u00eb e lidhur jasht\u00eb koh\u00ebs dhe hap\u00ebsir\u00ebs dhe n\u00eb cil\u00ebn fush\u00eb t\u00eb gjitha grimcat n\u00ebnatomike komunikojn\u00eb me nj\u00ebra-tjetr\u00ebn. Kjo fush\u00eb informacioni quhet fush\u00eb kuantike, vet\u00ebdije e past\u00ebr, inteligjenc\u00eb universale.<br \/>\nBashk\u00ebpunon me universitetet dhe qendrat e m\u00ebposhtme:<br \/>\n1.\tUniversiteti i Teknologjis\u00eb s\u00eb Informacionit, Mekanik\u00ebs dhe Optik\u00ebs n\u00eb Sh\u00ebn Petersburg n\u00eb krye me Dr. Konstantin Korotkov, profesor i shkencave kompjuterike dhe biofizik\u00ebs dhe \u00ebsht\u00eb pjes\u00eb e ekipit t\u00eb kompanis\u00eb Bio-Well (https:\/\/www.bio-well.com\/gb\/company\/practitioners.html) e cila prodhon kamer\u00ebn Bio Well, nj\u00eb pajisje q\u00eb mat me sakt\u00ebsi nivelin e stresit n\u00eb trup si dhe implikimet e mundshme n\u00eb organet individuale dhe sistemet e organeve. <\/p>\n<p>2.\tQendra p\u00ebr p\u00ebrmir\u00ebsimin e sh\u00ebndetit fizik Molekula Zagreb (https:\/\/www.molekula-zdravlje.com\/ ) t\u00eb cil\u00ebt jan\u00eb p\u00ebrfaq\u00ebsues zyrtar\u00eb t\u00eb Akademis\u00eb Ruse t\u00eb Shkencave Mjek\u00ebsore dhe Teknike, departamenti i gjenetik\u00ebs frekuencore dhe gjuh\u00ebsore ose gjenetik\u00ebs kuantike (http:\/\/eng.wavegenetic.ru\/)  e cila p\u00ebrdor nj\u00eb model inovativ t\u00eb patentuar p\u00ebr rigjenerimin e organizmit dhe parandalimin e procesit t\u00eb plakjes.<\/p>\n<p>3.\tInstituti p\u00ebr Psikologji Praktike Besser-Sigmund &#8211; Institut GmbH  nga Hamburgu, Gjermani ( https:\/\/besser-siegmund.de) \u00ebsht\u00eb edhe trajner i \u00e7ertifikuar Wingwave\u00ae. <\/p>\n<p>4.\tDr. Vesna Danilovac nga Beogradi (https:\/\/www.vesnadanilovac.com\/ ) ku p\u00ebrfundoi trajnimin p\u00ebr teknik\u00ebn energjetike Harmonizimi Kuantik.<\/p>\n<p>5.\t\u041c\u0430rijana J\u043evikiq nga Beogradi ( https:\/\/marijanajovikic.com\/ ) ku p\u00ebrfundoi trajnimin p\u00ebr teknik\u00ebn energjetike dhe verbale Access Bars\u00ae. <\/p>\n<p>T\u00eb shkel\u00ebsh profesionin nuk do t\u00eb thot\u00eb asgj\u00eb p\u00ebrve\u00e7 t\u00eb shkat\u00ebrrosh natyr\u00ebn e tij t\u00eb v\u00ebrtet\u00eb. Kjo \u00ebsht\u00eb arsyeja pse njer\u00ebzit q\u00eb mbajn\u00eb logjik\u00ebn e profesionit n\u00eb m\u00ebnyr\u00eb korrekte, jetojn\u00eb nj\u00eb jet\u00eb kuptimplote dhe dinjitoze. Kush pranon refuzimin e rregullave t\u00eb profesionit, ose &#8220;vet\u00ebm&#8221; i shkel ato &#8211; shkel jet\u00ebn e tij.<br \/>\n[\/et_pb_text][\/et_pb_column][\/et_pb_row][\/et_pb_section][et_pb_section fb_built=&#8221;1&#8243; _builder_version=&#8221;4.9.1&#8243; _module_preset=&#8221;default&#8221; background_enable_color=&#8221;off&#8221; custom_margin=&#8221;||-6px|||&#8221; custom_padding=&#8221;||62px|||&#8221;][et_pb_row _builder_version=&#8221;4.9.2&#8243; _module_preset=&#8221;default&#8221; custom_margin_tablet=&#8221;&#8221; custom_margin_phone=&#8221;||||false|false&#8221; custom_margin_last_edited=&#8221;on|phone&#8221; custom_padding=&#8221;3px||0px||false|false&#8221;][et_pb_column type=&#8221;4_4&#8243; _builder_version=&#8221;4.9.1&#8243; _module_preset=&#8221;default&#8221;][et_pb_text _builder_version=&#8221;4.9.2&#8243; _module_preset=&#8221;default&#8221; header_font=&#8221;Roboto||||||||&#8221; header_text_align=&#8221;center&#8221; header_text_color=&#8221;#0d281b&#8221; header_font_size=&#8221;44px&#8221; header_letter_spacing=&#8221;3px&#8221; header_line_height=&#8221;1.3em&#8221; width=&#8221;80%&#8221; max_width=&#8221;800px&#8221; module_alignment=&#8221;center&#8221; custom_margin=&#8221;||-1px||false|false&#8221; animation_style=&#8221;slide&#8221; animation_intensity_slide=&#8221;7%&#8221; header_font_size_tablet=&#8221;&#8221; header_font_size_phone=&#8221;38px&#8221; header_font_size_last_edited=&#8221;on|phone&#8221;]<\/p>\n<h1>Partneritete<\/h1>\n<p>[\/et_pb_text][et_pb_divider divider_weight=&#8221;1px&#8221; _builder_version=&#8221;4.9.1&#8243; _module_preset=&#8221;default&#8221; width=&#8221;80px&#8221; module_alignment=&#8221;center&#8221; custom_margin=&#8221;0px||0px||false|false&#8221; custom_padding=&#8221;0px||0px||false|false&#8221;][\/et_pb_divider][\/et_pb_column][\/et_pb_row][et_pb_row column_structure=&#8221;1_4,1_4,1_4,1_4&#8243; use_custom_gutter=&#8221;on&#8221; gutter_width=&#8221;2&#8243; make_equal=&#8221;on&#8221; custom_padding_last_edited=&#8221;on|phone&#8221; _builder_version=&#8221;4.9.2&#8243; _module_preset=&#8221;default&#8221; module_alignment=&#8221;center&#8221; custom_margin_tablet=&#8221;&#8221; custom_margin_phone=&#8221;||0px||false|false&#8221; custom_margin_last_edited=&#8221;on|phone&#8221; custom_padding=&#8221;||87px|||&#8221; custom_padding_tablet=&#8221;&#8221; custom_padding_phone=&#8221;||0px||false|false&#8221;][et_pb_column type=&#8221;1_4&#8243; _builder_version=&#8221;4.9.2&#8243; _module_preset=&#8221;default&#8221; background_color=&#8221;#FFFFFF&#8221; custom_padding=&#8221;30px|10px|30px|10px|true|true&#8221; custom_padding_tablet=&#8221;&#8221; custom_padding_phone=&#8221;0px|10px|0px|10px|true|true&#8221; custom_padding_last_edited=&#8221;on|phone&#8221; animation_style=&#8221;zoom&#8221; animation_intensity_zoom=&#8221;13%&#8221;][et_pb_blurb _builder_version=&#8221;4.9.2&#8243; _module_preset=&#8221;default&#8221; header_font=&#8221;|600|||||||&#8221; header_text_color=&#8221;#0d281b&#8221; header_font_size=&#8221;21px&#8221; header_letter_spacing=&#8221;1px&#8221; text_orientation=&#8221;center&#8221;]<\/p>\n<p>Universiteti i Teknologjis\u00eb s\u00eb Informacionit, Mekanik\u00ebs dhe Optik\u00ebs n\u00eb Sh\u00ebn Petersburg n\u00eb krye me Dr. Konstantin Korotkov, profesor i shkencave kompjuterike dhe biofizik\u00ebs dhe \u00ebsht\u00eb pjes\u00eb e ekipit t\u00eb kompanis\u00eb Bio-Well<\/p>\n<p><span><a href=\"https:\/\/www.bio-well.com\/gb\/company\/practitioners.html\">https:\/\/www.bio-well.com\/gb\/company\/practitioners.html<\/a><\/span>\u00a0<\/p>\n<p>e cila prodhon kamer\u00ebn Bio Well, nj\u00eb pajisje q\u00eb mat me sakt\u00ebsi nivelin e stresit n\u00eb trup si dhe implikimet e mundshme n\u00eb organet individuale dhe sistemet e organeve.<\/p>\n<p>[\/et_pb_blurb][et_pb_divider divider_weight=&#8221;1px&#8221; disabled_on=&#8221;off|on|on&#8221; _builder_version=&#8221;4.9.2&#8243; _module_preset=&#8221;default&#8221; width=&#8221;80px&#8221; module_alignment=&#8221;center&#8221; height=&#8221;1px&#8221; custom_margin=&#8221;0px||0px||false|false&#8221; custom_padding=&#8221;0px||0px||false|false&#8221;][\/et_pb_divider][\/et_pb_column][et_pb_column type=&#8221;1_4&#8243; _builder_version=&#8221;4.9.1&#8243; _module_preset=&#8221;default&#8221; background_color=&#8221;#FFFFFF&#8221; custom_padding=&#8221;30px|10px|30px|10px|true|true&#8221; custom_padding_tablet=&#8221;&#8221; custom_padding_phone=&#8221;0px|10px|0px|10px|true|true&#8221; custom_padding_last_edited=&#8221;on|phone&#8221; animation_style=&#8221;zoom&#8221; animation_intensity_zoom=&#8221;13%&#8221;][et_pb_blurb _builder_version=&#8221;4.9.2&#8243; _module_preset=&#8221;default&#8221; header_font=&#8221;|600|||||||&#8221; header_text_color=&#8221;#0d281b&#8221; header_font_size=&#8221;21px&#8221; header_letter_spacing=&#8221;1px&#8221; body_text_align=&#8221;center&#8221; text_orientation=&#8221;center&#8221; custom_padding=&#8221;||||false|false&#8221; image__hover_enabled=&#8221;on|desktop&#8221;]<\/p>\n<p>Qendra p\u00ebr p\u00ebrmir\u00ebsimin e sh\u00ebndetit fizik Molekula Zagreb<\/p>\n<p><span><a href=\"https:\/\/www.molekula-zdravlje.com\/\">https:\/\/www.molekula-zdravlje.com<\/a><\/span><\/p>\n<p>[\/et_pb_blurb][et_pb_divider divider_weight=&#8221;1px&#8221; disabled_on=&#8221;off|on|on&#8221; _builder_version=&#8221;4.9.2&#8243; _module_preset=&#8221;default&#8221; width=&#8221;80px&#8221; module_alignment=&#8221;center&#8221; height=&#8221;1px&#8221; custom_margin=&#8221;0px||0px||false|false&#8221; custom_padding=&#8221;0px||0px||false|false&#8221;][\/et_pb_divider][\/et_pb_column][et_pb_column type=&#8221;1_4&#8243; _builder_version=&#8221;4.9.1&#8243; _module_preset=&#8221;default&#8221; background_color=&#8221;#FFFFFF&#8221; custom_padding=&#8221;30px|10px|30px|10px|true|true&#8221; custom_padding_tablet=&#8221;&#8221; custom_padding_phone=&#8221;0px|10px|0px|10px|true|true&#8221; custom_padding_last_edited=&#8221;on|phone&#8221; animation_style=&#8221;zoom&#8221; animation_intensity_zoom=&#8221;13%&#8221;][et_pb_blurb _builder_version=&#8221;4.9.2&#8243; _module_preset=&#8221;default&#8221; header_font=&#8221;|600|||||||&#8221; header_text_color=&#8221;#0d281b&#8221; header_font_size=&#8221;21px&#8221; header_letter_spacing=&#8221;1px&#8221; body_text_align=&#8221;center&#8221; text_orientation=&#8221;center&#8221; custom_padding=&#8221;||||false|false&#8221; image__hover_enabled=&#8221;on|desktop&#8221;]<\/p>\n<p>Akademis\u00eb Ruse t\u00eb Shkencave Mjek\u00ebsore dhe Teknike, departamenti i gjenetik\u00ebs frekuencore dhe gjuh\u00ebsore ose gjenetik\u00ebs kuantike <span><a href=\"http:\/\/eng.wavegenetic.ru\/\"><\/a><\/span><\/p>\n<p><span><a href=\"http:\/\/eng.wavegenetic.ru\/\">http:\/\/eng.wavegenetic.ru<\/a><\/span><\/p>\n<p>e cila p\u00ebrdor nj\u00eb model inovativ t\u00eb patentuar p\u00ebr rigjenerimin e organizmit dhe parandalimin e procesit t\u00eb plakjes.<\/p>\n<p>[\/et_pb_blurb][et_pb_divider divider_weight=&#8221;1px&#8221; disabled_on=&#8221;off|on|on&#8221; _builder_version=&#8221;4.9.2&#8243; _module_preset=&#8221;default&#8221; width=&#8221;80px&#8221; module_alignment=&#8221;center&#8221; height=&#8221;1px&#8221; custom_margin=&#8221;0px||0px||false|false&#8221; custom_padding=&#8221;0px||0px||false|false&#8221;][\/et_pb_divider][\/et_pb_column][et_pb_column type=&#8221;1_4&#8243; _builder_version=&#8221;4.9.1&#8243; _module_preset=&#8221;default&#8221; background_color=&#8221;#FFFFFF&#8221; custom_padding=&#8221;30px|10px|30px|10px|true|true&#8221; custom_padding_tablet=&#8221;&#8221; custom_padding_phone=&#8221;0px|10px|0px|10px|true|true&#8221; custom_padding_last_edited=&#8221;on|phone&#8221; animation_style=&#8221;zoom&#8221; animation_intensity_zoom=&#8221;13%&#8221;][et_pb_blurb _builder_version=&#8221;4.9.2&#8243; _module_preset=&#8221;default&#8221; header_font=&#8221;|600|||||||&#8221; header_text_color=&#8221;#0d281b&#8221; header_font_size=&#8221;21px&#8221; header_letter_spacing=&#8221;1px&#8221; text_orientation=&#8221;center&#8221;]<\/p>\n<p>Instituti p\u00ebr Psikologji Praktike Besser-Sigmund &#8211; Institut GmbH\u00a0 nga Hamburgu, Gjermani<\/p>\n<p><a href=\"https:\/\/besser-siegmund.de\">https:\/\/besser-siegmund.de<\/a><\/p>\n<p>\u00a0\u00ebsht\u00eb edhe trajner i \u00e7ertifikuar Wingwave\u00ae.<\/p>\n<p>[\/et_pb_blurb][\/et_pb_column][\/et_pb_row][\/et_pb_section]<\/p>\n","protected":false},"excerpt":{"rendered":"<p>P\u00ebr sh\u00ebndetin mendor Sh\u00ebndeti mendor \u00ebsht\u00eb nj\u00eb faktor i r\u00ebnd\u00ebsish\u00ebm q\u00eb duhet t\u00eb konsiderohet si nj\u00eb kapacitet, i cili jo vet\u00ebm q\u00eb \u00ebsht\u00eb i mjaftuesh\u00ebm p\u00ebr t\u2019u ruajtur, por edhe p\u00ebr t\u2019u p\u00ebrmir\u00ebsuar. Qasja ndaj sh\u00ebndetit mendor sugjeron q\u00eb patogjeneza e faktor\u00ebve t\u00eb s\u00ebmundjes dominon shkenc\u00ebn, nd\u00ebrsa k\u00ebrkimi p\u00ebr faktor\u00eb sh\u00ebndet\u00ebsor\u00eb q\u00eb ndihmojn\u00eb n\u00eb kap\u00ebrcimin [&hellip;]<\/p>\n","protected":false},"author":1,"featured_media":0,"parent":0,"menu_order":0,"comment_status":"closed","ping_status":"closed","template":"","meta":{"_et_pb_use_builder":"on","_et_pb_old_content":"","_et_gb_content_width":""},"yoast_head":"<!-- This site is optimized with the Yoast SEO Premium plugin v16.0.2 (Yoast SEO v16.3) - https:\/\/yoast.com\/wordpress\/plugins\/seo\/ -->\n<title>Rreth nesh - Agape Bio Well<\/title>\n<meta name=\"robots\" content=\"index, follow, max-snippet:-1, max-image-preview:large, max-video-preview:-1\" \/>\n<link rel=\"canonical\" href=\"https:\/\/agapebiowell.health\/sq\/rreth-nesh\/\" \/>\n<meta property=\"og:locale\" content=\"sq_AL\" \/>\n<meta property=\"og:type\" content=\"article\" \/>\n<meta property=\"og:title\" content=\"Rreth nesh - Agape Bio Well\" \/>\n<meta property=\"og:description\" content=\"P\u00ebr sh\u00ebndetin mendor Sh\u00ebndeti mendor \u00ebsht\u00eb nj\u00eb faktor i r\u00ebnd\u00ebsish\u00ebm q\u00eb duhet t\u00eb konsiderohet si nj\u00eb kapacitet, i cili jo vet\u00ebm q\u00eb \u00ebsht\u00eb i mjaftuesh\u00ebm p\u00ebr t\u2019u ruajtur, por edhe p\u00ebr t\u2019u p\u00ebrmir\u00ebsuar. Qasja ndaj sh\u00ebndetit mendor sugjeron q\u00eb patogjeneza e faktor\u00ebve t\u00eb s\u00ebmundjes dominon shkenc\u00ebn, nd\u00ebrsa k\u00ebrkimi p\u00ebr faktor\u00eb sh\u00ebndet\u00ebsor\u00eb q\u00eb ndihmojn\u00eb n\u00eb kap\u00ebrcimin [&hellip;]\" \/>\n<meta property=\"og:url\" content=\"https:\/\/agapebiowell.health\/sq\/rreth-nesh\/\" \/>\n<meta property=\"og:site_name\" content=\"Agape Bio Well\" \/>\n<meta property=\"article:modified_time\" content=\"2021-03-22T15:04:56+00:00\" \/>\n<meta name=\"twitter:card\" content=\"summary_large_image\" \/>\n<script type=\"application\/ld+json\" class=\"yoast-schema-graph\">{\"@context\":\"https:\/\/schema.org\",\"@graph\":[{\"@type\":\"WebSite\",\"@id\":\"https:\/\/agapebiowell.health\/#website\",\"url\":\"https:\/\/agapebiowell.health\/\",\"name\":\"Agape Bio Well\",\"description\":\"\",\"potentialAction\":[{\"@type\":\"SearchAction\",\"target\":\"https:\/\/agapebiowell.health\/?s={search_term_string}\",\"query-input\":\"required name=search_term_string\"}],\"inLanguage\":\"sq-AL\"},{\"@type\":\"WebPage\",\"@id\":\"https:\/\/agapebiowell.health\/sq\/rreth-nesh\/#webpage\",\"url\":\"https:\/\/agapebiowell.health\/sq\/rreth-nesh\/\",\"name\":\"Rreth nesh - Agape Bio Well\",\"isPartOf\":{\"@id\":\"https:\/\/agapebiowell.health\/#website\"},\"datePublished\":\"2021-03-02T14:00:52+00:00\",\"dateModified\":\"2021-03-22T15:04:56+00:00\",\"breadcrumb\":{\"@id\":\"https:\/\/agapebiowell.health\/sq\/rreth-nesh\/#breadcrumb\"},\"inLanguage\":\"sq-AL\",\"potentialAction\":[{\"@type\":\"ReadAction\",\"target\":[\"https:\/\/agapebiowell.health\/sq\/rreth-nesh\/\"]}]},{\"@type\":\"BreadcrumbList\",\"@id\":\"https:\/\/agapebiowell.health\/sq\/rreth-nesh\/#breadcrumb\",\"itemListElement\":[{\"@type\":\"ListItem\",\"position\":1,\"item\":{\"@type\":\"WebPage\",\"@id\":\"https:\/\/agapebiowell.health\/sq\/\",\"url\":\"https:\/\/agapebiowell.health\/sq\/\",\"name\":\"Home\"}},{\"@type\":\"ListItem\",\"position\":2,\"item\":{\"@id\":\"https:\/\/agapebiowell.health\/sq\/rreth-nesh\/#webpage\"}}]}]}<\/script>\n<!-- \/ Yoast SEO Premium plugin. -->","_links":{"self":[{"href":"https:\/\/agapebiowell.health\/sq\/wp-json\/wp\/v2\/pages\/4014"}],"collection":[{"href":"https:\/\/agapebiowell.health\/sq\/wp-json\/wp\/v2\/pages"}],"about":[{"href":"https:\/\/agapebiowell.health\/sq\/wp-json\/wp\/v2\/types\/page"}],"author":[{"embeddable":true,"href":"https:\/\/agapebiowell.health\/sq\/wp-json\/wp\/v2\/users\/1"}],"replies":[{"embeddable":true,"href":"https:\/\/agapebiowell.health\/sq\/wp-json\/wp\/v2\/comments?post=4014"}],"version-history":[{"count":4,"href":"https:\/\/agapebiowell.health\/sq\/wp-json\/wp\/v2\/pages\/4014\/revisions"}],"predecessor-version":[{"id":4140,"href":"https:\/\/agapebiowell.health\/sq\/wp-json\/wp\/v2\/pages\/4014\/revisions\/4140"}],"wp:attachment":[{"href":"https:\/\/agapebiowell.health\/sq\/wp-json\/wp\/v2\/media?parent=4014"}],"curies":[{"name":"wp","href":"https:\/\/api.w.org\/{rel}","templated":true}]}}